{"id":3417,"date":"2024-12-20T19:42:18","date_gmt":"2024-12-20T19:42:18","guid":{"rendered":"https:\/\/agenciamdu.com\/?page_id=3417"},"modified":"2025-09-02T17:30:24","modified_gmt":"2025-09-02T17:30:24","slug":"historia","status":"publish","type":"page","link":"https:\/\/agenciamdu.com\/index.php\/historia\/","title":{"rendered":"Historia"},"content":{"rendered":"\n<div class=\"wp-block-uagb-container uagb-block-4735893f alignfull uagb-is-root-container\"><div class=\"uagb-container-inner-blocks-wrap\">\n<div data-aos= \"flip-up\" data-aos-duration=\"400\" data-aos-delay=\"0\" data-aos-easing=\"ease\" data-aos-once=\"true\" class=\"wp-block-uagb-info-box uagb-block-1a2c420c uagb-infobox__content-wrap  uagb-infobox-icon-above-title uagb-infobox-image-valign-top\"><div class=\"uagb-ifb-content\"><div class=\"uagb-ifb-title-wrap\"><span class=\"uagb-ifb-title-prefix\">Historia<\/span><\/div><p class=\"uagb-ifb-desc\">\u00a1Conoce nuestra historia!<\/p><\/div><\/div>\n<\/div><\/div>\n\n\n\n<div class=\"wp-block-uagb-container uagb-block-7c3e41a5 alignfull uagb-is-root-container\"><div class=\"uagb-container-inner-blocks-wrap\">\n<div class=\"wp-block-uagb-container uagb-block-df4a0a6f\">\n<div data-aos= \"fade\" data-aos-duration=\"400\" data-aos-delay=\"0\" data-aos-easing=\"ease\" data-aos-once=\"true\" class=\"wp-block-uagb-container uagb-block-060cadbb\">\n<div id=\"historia\" class=\"wp-block-uagb-container uagb-block-a0f13b29\">\n<div class=\"wp-block-uagb-info-box uagb-block-06fe5e56 uagb-infobox__content-wrap  uagb-infobox-icon-above-title uagb-infobox-image-valign-top\"><div class=\"uagb-ifb-content\"><div class=\"uagb-ifb-title-wrap\"><\/div><p class=\"uagb-ifb-desc\">Durante a\u00f1os estuve capacit\u00e1ndome para administrar empresas&#8230; cuando me di cuenta de que ten\u00eda mucho potencial para ayudar con ideas rentables, comenc\u00e9 a trabajar en redes sociales y brindar servicios de marketing digital para negocios en Uruguay.<br><br>Luego empezaron mis capacitaciones constantes sobre:<br>&#8211; Administraci\u00f3n de empresas<br>&#8211; Analista en Marketing Digital<br>&#8211; Mentor\u00edas para Negocios<br>&#8211; Estrategias de ventas<br>&#8211; IA (Inteligencia Artificial)<br><br>Con estas herramientas hoy puedo decir que fund\u00e9 MDU &#8211; Una agencia de marketing digital totalmente nueva en Uruguay que revoluciona el mercado de los negocios y emprendimientos, ayudando a cientos de personas al a\u00f1o a escalar su venta&nbsp;y mejorar notoriamente sus redes sociales.<br><br>Abramos paso al futuro, no existe decir: \u00abEl Uruguay es muy chiquito\u00bb, \u00abHay mucha competencia\u00bb y mi favorita: \u00abLos precios son muy altos\u00bb&#8230; Todos estos son excusas que hacen que te estanques, no solo a ti, sino que a tu negocio&#8230; y veo much\u00edsima gente que dice esto todo el tiempo. Estos son factores externos de los cuales nosotros no podemos hacer nada para controlarlos, pero s\u00ed podemos trabajar sobre los factores internos de nosotros mismos y nuestros negocios, como lo es el crecimiento personal, el marketing y las estrategias que utilizaremos para crecer nuestra econom\u00eda. Porque al final de todo el marketing, lo que busca es que generes una independencia econ\u00f3mica y eso es algo en lo que nosotros podemos ayudarte.<br><br>B\u00fascanos en Instagram: @MDU o marketing_digital_uy&nbsp;<br>Encontrar\u00e1s much\u00edsimo material que te va a ayudar si tienes un negocio o emprendimiento.&nbsp;<\/p><\/div><\/div>\n<\/div>\n<\/div>\n<\/div>\n<\/div><\/div>\n\n\n\n<div class=\"wp-block-uagb-container uagb-block-6a67796d alignfull uagb-is-root-container\"><div class=\"uagb-container-inner-blocks-wrap\">\n<div data-aos= \"fade-up\" data-aos-duration=\"400\" data-aos-delay=\"0\" data-aos-easing=\"ease\" data-aos-once=\"true\" class=\"wp-block-uagb-container uagb-block-c6fb6c1b\">\n<div class=\"wp-block-uagb-container uagb-block-b09e2605\">\n<div class=\"wp-block-uagb-advanced-heading uagb-block-be1058be\"><h3 class=\"uagb-heading-text\">\u00a1Potencia tu marca hoy mismo!<\/h3><p class=\"uagb-desc-text\">Impulsa tu negocio con nuestra agencia de marketing de vanguardia. \u00a1Cont\u00e1ctanos ahora y descubre c\u00f3mo podemos ayudarte a alcanzar tus metas!<\/p><\/div>\n<\/div>\n\n\n\n<div class=\"wp-block-uagb-container uagb-block-c46efe44\">\n<div class=\"wp-block-uagb-buttons uagb-buttons__outer-wrap uagb-btn__default-btn uagb-btn-tablet__default-btn uagb-btn-mobile__default-btn uagb-block-adebe8cc\"><div class=\"uagb-buttons__wrap uagb-buttons-layout-wrap \">\n<div class=\"wp-block-uagb-buttons-child uagb-buttons__outer-wrap uagb-block-5f333fa2 wp-block-button\"><div class=\"uagb-button__wrapper\"><a class=\"uagb-buttons-repeater wp-block-button__link\" aria-label=\"\" href=\"https:\/\/api.whatsapp.com\/send\/?phone=59899066202&amp;text&amp;type=phone_number&amp;app_absent=0\" rel=\"follow noopener\" target=\"_blank\" role=\"button\"><div class=\"uagb-button__link\">\u00a1CONT\u00c1CTANOS AHORA!<\/div><\/a><\/div><\/div>\n<\/div><\/div>\n<\/div>\n<\/div>\n<\/div><\/div>\n","protected":false},"excerpt":{"rendered":"<p>\u00a1Potencia tu marca hoy mismo! Impulsa tu negocio con nuestra agencia de marketing de vanguardia. \u00a1Cont\u00e1ctanos ahora y descubre c\u00f3mo podemos ayudarte a alcanzar tus metas!<\/p>\n","protected":false},"author":1,"featured_media":0,"parent":0,"menu_order":0,"comment_status":"closed","ping_status":"closed","template":"","meta":{"_uag_custom_page_level_css":"","site-sidebar-layout":"no-sidebar","site-content-layout":"page-builder","ast-site-content-layout":"full-width-container","site-content-style":"unboxed","site-sidebar-style":"unboxed","ast-global-header-display":"","ast-banner-title-visibility":"","ast-main-header-display":"","ast-hfb-above-header-display":"","ast-hfb-below-header-display":"","ast-hfb-mobile-header-display":"","site-post-title":"disabled","ast-breadcrumbs-content":"","ast-featured-img":"disabled","footer-sml-layout":"","ast-disable-related-posts":"","theme-transparent-header-meta":"enabled","adv-header-id-meta":"","stick-header-meta":"","header-above-stick-meta":"","header-main-stick-meta":"","header-below-stick-meta":"","astra-migrate-meta-layouts":"set","ast-page-background-enabled":"default","ast-page-background-meta":{"desktop":{"background-color":"var(--ast-global-color-4)","background-image":"","background-repeat":"repeat","background-position":"center center","background-size":"auto","background-attachment":"scroll","background-type":"","background-media":"","overlay-type":"","overlay-color":"","overlay-opacity":"","overlay-gradient":""},"tablet":{"background-color":"","background-image":"","background-repeat":"repeat","background-position":"center center","background-size":"auto","background-attachment":"scroll","background-type":"","background-media":"","overlay-type":"","overlay-color":"","overlay-opacity":"","overlay-gradient":""},"mobile":{"background-color":"","background-image":"","background-repeat":"repeat","background-position":"center center","background-size":"auto","background-attachment":"scroll","background-type":"","background-media":"","overlay-type":"","overlay-color":"","overlay-opacity":"","overlay-gradient":""}},"ast-content-background-meta":{"desktop":{"background-color":"var(--ast-global-color-5)","background-image":"","background-repeat":"repeat","background-position":"center center","background-size":"auto","background-attachment":"scroll","background-type":"","background-media":"","overlay-type":"","overlay-color":"","overlay-opacity":"","overlay-gradient":""},"tablet":{"background-color":"var(--ast-global-color-5)","background-image":"","background-repeat":"repeat","background-position":"center center","background-size":"auto","background-attachment":"scroll","background-type":"","background-media":"","overlay-type":"","overlay-color":"","overlay-opacity":"","overlay-gradient":""},"mobile":{"background-color":"var(--ast-global-color-5)","background-image":"","background-repeat":"repeat","background-position":"center center","background-size":"auto","background-attachment":"scroll","background-type":"","background-media":"","overlay-type":"","overlay-color":"","overlay-opacity":"","overlay-gradient":""}},"_joinchat":[],"footnotes":""},"class_list":["post-3417","page","type-page","status-publish","hentry"],"yoast_head":"<!-- This site is optimized with the Yoast SEO plugin v27.4 - https:\/\/yoast.com\/product\/yoast-seo-wordpress\/ -->\n<title>Historia - MDU<\/title>\n<meta name=\"description\" content=\"Agencia de marketing especializada en estrategias digitales, dise\u00f1o web y gesti\u00f3n de redes sociales para potenciar la presencia online de tu negocio.\" \/>\n<meta name=\"robots\" content=\"index, follow, max-snippet:-1, max-image-preview:large, max-video-preview:-1\" \/>\n<link rel=\"canonical\" href=\"https:\/\/agenciamdu.com\/index.php\/historia\/\" \/>\n<meta property=\"og:locale\" content=\"es_ES\" \/>\n<meta property=\"og:type\" content=\"article\" \/>\n<meta property=\"og:title\" content=\"Historia - MDU\" \/>\n<meta property=\"og:description\" content=\"Agencia de marketing especializada en estrategias digitales, dise\u00f1o web y gesti\u00f3n de redes sociales para potenciar la presencia online de tu negocio.\" \/>\n<meta property=\"og:url\" content=\"https:\/\/agenciamdu.com\/index.php\/historia\/\" \/>\n<meta property=\"og:site_name\" content=\"MDU\" \/>\n<meta property=\"article:publisher\" content=\"https:\/\/www.facebook.com\/mdu.digital.uy?mibextid=LQQJ4d\" \/>\n<meta property=\"article:modified_time\" content=\"2025-09-02T17:30:24+00:00\" \/>\n<meta name=\"twitter:card\" content=\"summary_large_image\" \/>\n<meta name=\"twitter:label1\" content=\"Tiempo de lectura\" \/>\n\t<meta name=\"twitter:data1\" content=\"2 minutos\" \/>\n<script type=\"application\/ld+json\" class=\"yoast-schema-graph\">{\"@context\":\"https:\\\/\\\/schema.org\",\"@graph\":[{\"@type\":\"WebPage\",\"@id\":\"https:\\\/\\\/agenciamdu.com\\\/index.php\\\/historia\\\/\",\"url\":\"https:\\\/\\\/agenciamdu.com\\\/index.php\\\/historia\\\/\",\"name\":\"Historia - MDU\",\"isPartOf\":{\"@id\":\"https:\\\/\\\/agenciamdu.com\\\/#website\"},\"datePublished\":\"2024-12-20T19:42:18+00:00\",\"dateModified\":\"2025-09-02T17:30:24+00:00\",\"description\":\"Agencia de marketing especializada en estrategias digitales, dise\u00f1o web y gesti\u00f3n de redes sociales para potenciar la presencia online de tu negocio.\",\"breadcrumb\":{\"@id\":\"https:\\\/\\\/agenciamdu.com\\\/index.php\\\/historia\\\/#breadcrumb\"},\"inLanguage\":\"es\",\"potentialAction\":[{\"@type\":\"ReadAction\",\"target\":[\"https:\\\/\\\/agenciamdu.com\\\/index.php\\\/historia\\\/\"]}]},{\"@type\":\"BreadcrumbList\",\"@id\":\"https:\\\/\\\/agenciamdu.com\\\/index.php\\\/historia\\\/#breadcrumb\",\"itemListElement\":[{\"@type\":\"ListItem\",\"position\":1,\"name\":\"Portada\",\"item\":\"https:\\\/\\\/agenciamdu.com\\\/\"},{\"@type\":\"ListItem\",\"position\":2,\"name\":\"Historia\"}]},{\"@type\":\"WebSite\",\"@id\":\"https:\\\/\\\/agenciamdu.com\\\/#website\",\"url\":\"https:\\\/\\\/agenciamdu.com\\\/\",\"name\":\"Agencia MDU\",\"description\":\"\",\"publisher\":{\"@id\":\"https:\\\/\\\/agenciamdu.com\\\/#organization\"},\"potentialAction\":[{\"@type\":\"SearchAction\",\"target\":{\"@type\":\"EntryPoint\",\"urlTemplate\":\"https:\\\/\\\/agenciamdu.com\\\/?s={search_term_string}\"},\"query-input\":{\"@type\":\"PropertyValueSpecification\",\"valueRequired\":true,\"valueName\":\"search_term_string\"}}],\"inLanguage\":\"es\"},{\"@type\":\"Organization\",\"@id\":\"https:\\\/\\\/agenciamdu.com\\\/#organization\",\"name\":\"Agencia MDU\",\"url\":\"https:\\\/\\\/agenciamdu.com\\\/\",\"logo\":{\"@type\":\"ImageObject\",\"inLanguage\":\"es\",\"@id\":\"https:\\\/\\\/agenciamdu.com\\\/#\\\/schema\\\/logo\\\/image\\\/\",\"url\":\"https:\\\/\\\/agenciamdu.com\\\/wp-content\\\/uploads\\\/2025\\\/05\\\/cropped-1.jpg\",\"contentUrl\":\"https:\\\/\\\/agenciamdu.com\\\/wp-content\\\/uploads\\\/2025\\\/05\\\/cropped-1.jpg\",\"width\":400,\"height\":199,\"caption\":\"Agencia MDU\"},\"image\":{\"@id\":\"https:\\\/\\\/agenciamdu.com\\\/#\\\/schema\\\/logo\\\/image\\\/\"},\"sameAs\":[\"https:\\\/\\\/www.facebook.com\\\/mdu.digital.uy?mibextid=LQQJ4d\",\"https:\\\/\\\/www.instagram.com\\\/marketing_digital_uy\\\/\"]}]}<\/script>\n<!-- \/ Yoast SEO plugin. -->","yoast_head_json":{"title":"Historia - MDU","description":"Agencia de marketing especializada en estrategias digitales, dise\u00f1o web y gesti\u00f3n de redes sociales para potenciar la presencia online de tu negocio.","robots":{"index":"index","follow":"follow","max-snippet":"max-snippet:-1","max-image-preview":"max-image-preview:large","max-video-preview":"max-video-preview:-1"},"canonical":"https:\/\/agenciamdu.com\/index.php\/historia\/","og_locale":"es_ES","og_type":"article","og_title":"Historia - MDU","og_description":"Agencia de marketing especializada en estrategias digitales, dise\u00f1o web y gesti\u00f3n de redes sociales para potenciar la presencia online de tu negocio.","og_url":"https:\/\/agenciamdu.com\/index.php\/historia\/","og_site_name":"MDU","article_publisher":"https:\/\/www.facebook.com\/mdu.digital.uy?mibextid=LQQJ4d","article_modified_time":"2025-09-02T17:30:24+00:00","twitter_card":"summary_large_image","twitter_misc":{"Tiempo de lectura":"2 minutos"},"schema":{"@context":"https:\/\/schema.org","@graph":[{"@type":"WebPage","@id":"https:\/\/agenciamdu.com\/index.php\/historia\/","url":"https:\/\/agenciamdu.com\/index.php\/historia\/","name":"Historia - MDU","isPartOf":{"@id":"https:\/\/agenciamdu.com\/#website"},"datePublished":"2024-12-20T19:42:18+00:00","dateModified":"2025-09-02T17:30:24+00:00","description":"Agencia de marketing especializada en estrategias digitales, dise\u00f1o web y gesti\u00f3n de redes sociales para potenciar la presencia online de tu negocio.","breadcrumb":{"@id":"https:\/\/agenciamdu.com\/index.php\/historia\/#breadcrumb"},"inLanguage":"es","potentialAction":[{"@type":"ReadAction","target":["https:\/\/agenciamdu.com\/index.php\/historia\/"]}]},{"@type":"BreadcrumbList","@id":"https:\/\/agenciamdu.com\/index.php\/historia\/#breadcrumb","itemListElement":[{"@type":"ListItem","position":1,"name":"Portada","item":"https:\/\/agenciamdu.com\/"},{"@type":"ListItem","position":2,"name":"Historia"}]},{"@type":"WebSite","@id":"https:\/\/agenciamdu.com\/#website","url":"https:\/\/agenciamdu.com\/","name":"Agencia MDU","description":"","publisher":{"@id":"https:\/\/agenciamdu.com\/#organization"},"potentialAction":[{"@type":"SearchAction","target":{"@type":"EntryPoint","urlTemplate":"https:\/\/agenciamdu.com\/?s={search_term_string}"},"query-input":{"@type":"PropertyValueSpecification","valueRequired":true,"valueName":"search_term_string"}}],"inLanguage":"es"},{"@type":"Organization","@id":"https:\/\/agenciamdu.com\/#organization","name":"Agencia MDU","url":"https:\/\/agenciamdu.com\/","logo":{"@type":"ImageObject","inLanguage":"es","@id":"https:\/\/agenciamdu.com\/#\/schema\/logo\/image\/","url":"https:\/\/agenciamdu.com\/wp-content\/uploads\/2025\/05\/cropped-1.jpg","contentUrl":"https:\/\/agenciamdu.com\/wp-content\/uploads\/2025\/05\/cropped-1.jpg","width":400,"height":199,"caption":"Agencia MDU"},"image":{"@id":"https:\/\/agenciamdu.com\/#\/schema\/logo\/image\/"},"sameAs":["https:\/\/www.facebook.com\/mdu.digital.uy?mibextid=LQQJ4d","https:\/\/www.instagram.com\/marketing_digital_uy\/"]}]}},"uagb_featured_image_src":{"full":false,"thumbnail":false,"medium":false,"medium_large":false,"large":false,"1536x1536":false,"2048x2048":false,"woocommerce_thumbnail":false,"woocommerce_single":false,"woocommerce_gallery_thumbnail":false},"uagb_author_info":{"display_name":"santiagotomasperron2001","author_link":"https:\/\/agenciamdu.com\/index.php\/author\/santiagotomasperron2001\/"},"uagb_comment_info":0,"uagb_excerpt":"\u00a1Potencia tu marca hoy mismo! Impulsa tu negocio con nuestra agencia de marketing de vanguardia. \u00a1Cont\u00e1ctanos ahora y descubre c\u00f3mo podemos ayudarte a alcanzar tus metas!","_links":{"self":[{"href":"https:\/\/agenciamdu.com\/index.php\/wp-json\/wp\/v2\/pages\/3417","targetHints":{"allow":["GET"]}}],"collection":[{"href":"https:\/\/agenciamdu.com\/index.php\/wp-json\/wp\/v2\/pages"}],"about":[{"href":"https:\/\/agenciamdu.com\/index.php\/wp-json\/wp\/v2\/types\/page"}],"author":[{"embeddable":true,"href":"https:\/\/agenciamdu.com\/index.php\/wp-json\/wp\/v2\/users\/1"}],"replies":[{"embeddable":true,"href":"https:\/\/agenciamdu.com\/index.php\/wp-json\/wp\/v2\/comments?post=3417"}],"version-history":[{"count":5,"href":"https:\/\/agenciamdu.com\/index.php\/wp-json\/wp\/v2\/pages\/3417\/revisions"}],"predecessor-version":[{"id":3620,"href":"https:\/\/agenciamdu.com\/index.php\/wp-json\/wp\/v2\/pages\/3417\/revisions\/3620"}],"wp:attachment":[{"href":"https:\/\/agenciamdu.com\/index.php\/wp-json\/wp\/v2\/media?parent=3417"}],"curies":[{"name":"wp","href":"https:\/\/api.w.org\/{rel}","templated":true}]}}