{"id":2762,"date":"2023-05-23T23:40:01","date_gmt":"2023-05-23T23:40:01","guid":{"rendered":"https:\/\/agenciamdu.com\/?page_id=2762"},"modified":"2025-10-22T17:19:24","modified_gmt":"2025-10-22T17:19:24","slug":"clases-y-asesorias-personalizadas","status":"publish","type":"page","link":"https:\/\/agenciamdu.com\/index.php\/clases-y-asesorias-personalizadas\/","title":{"rendered":"Curso de Marketing Digital"},"content":{"rendered":"\n<div class=\"wp-block-uagb-container uagb-block-12f5cc36 alignfull uagb-is-root-container\"><div class=\"uagb-container-inner-blocks-wrap\">\n<div data-aos= \"flip-up\" data-aos-duration=\"400\" data-aos-delay=\"0\" data-aos-easing=\"ease\" data-aos-once=\"true\" class=\"wp-block-uagb-info-box uagb-block-90a61120 uagb-infobox__content-wrap  uagb-infobox-icon-above-title uagb-infobox-image-valign-top\"><div class=\"uagb-ifb-content\"><div class=\"uagb-ifb-title-wrap\"><span class=\"uagb-ifb-title-prefix\"><strong>Curso de Marketing Digital<\/strong><\/span><h4 class=\"uagb-ifb-title\">Analista<\/h4><\/div><p class=\"uagb-ifb-desc\">Con certificado de aprobaci\u00f3n <\/p><\/div><\/div>\n<\/div><\/div>\n\n\n\n<div class=\"wp-block-uagb-container uagb-block-4d654141 alignfull uagb-is-root-container\"><div class=\"uagb-container-inner-blocks-wrap\">\n<div class=\"wp-block-uagb-container uagb-block-d27e52cd\">\n<div data-aos= \"zoom-out-up\" data-aos-duration=\"400\" data-aos-delay=\"0\" data-aos-easing=\"ease\" data-aos-once=\"true\" class=\"wp-block-uagb-container uagb-block-ad43772c\">\n<div class=\"wp-block-uagb-info-box uagb-block-0ae8e492 uagb-infobox__content-wrap  uagb-infobox-icon-above-title uagb-infobox-image-valign-top\"><div class=\"uagb-ifb-content\"><div class=\"uagb-ifb-title-wrap\"><div class=\"uagb-ifb-separator\"><\/div><h3 class=\"uagb-ifb-title\">\u00bfPara qui\u00e9n es este curso?<\/h3><\/div><p class=\"uagb-ifb-desc\">Este curso est\u00e1 creado para personas que buscan expandir y actualizar su conocimiento en redes sociales con Marketing Digital, una de las carreras m\u00e1s demandadas del mercado y con mayor crecimiento en los \u00faltimos a\u00f1os. <br><br>&#8211; Si quer\u00e9s potenciar tu negocio este curso te va a ayudar a expandir tu marca.<br>&#8211; Si busc\u00e1s ser community manager este curso te abrir\u00e1 las puertas a un nuevo oficio. <br><br>Las herramientas que brindamos son completas y abarcamos barios temas como: branding de marca, posicionamiento en redes sociales, creaci\u00f3n de contenido estrat\u00e9gico, campa\u00f1as publicitarias, aplicaciones \u00fatiles, IA (inteligencia artificial), ventas y p\u00e1ginas web.<br><br><\/p><div class=\"uagb-ifb-button-wrapper wp-block-button\"><a href=\"https:\/\/api.whatsapp.com\/send\/?phone=59899066202&amp;text&amp;type=phone_number&amp;app_absent=0\" class=\"uagb-infobox-cta-link wp-block-button__link\" target=\"_blank\" rel=\"noopener noreferrer\" onclick=\"return true;\"><span class=\"uagb-inline-editing\">Inscribirme<\/span><\/a><\/div><\/div><\/div>\n\n\n\n<div class=\"wp-block-uagb-container uag-hide-tab uag-hide-mob uagb-block-2adbeb47\">\n<div class=\"wp-block-uagb-slider uagb-block-f68d58b4 uagb-slider-container\"><div class=\"uagb-slides uagb-swiper\"><div class=\"swiper-wrapper\">\n<div class=\"wp-block-uagb-slider-child uagb-slider-child-wrap swiper-slide uagb-block-f5871b28\"><div class=\"swiper-content\">\n<div class=\"wp-block-uagb-container uagb-block-92e5c707\">\n<div class=\"wp-block-uagb-image uagb-block-ccd69e21 wp-block-uagb-image--layout-default wp-block-uagb-image--effect-static wp-block-uagb-image--align-none\"><figure class=\"wp-block-uagb-image__figure\"><img decoding=\"async\" srcset=\"https:\/\/agenciamdu.com\/wp-content\/uploads\/2025\/10\/WhatsApp-Image-2025-10-21-at-6.20.29-PM-768x1024.jpeg ,https:\/\/agenciamdu.com\/wp-content\/uploads\/2025\/10\/WhatsApp-Image-2025-10-21-at-6.20.29-PM.jpeg 780w, https:\/\/agenciamdu.com\/wp-content\/uploads\/2025\/10\/WhatsApp-Image-2025-10-21-at-6.20.29-PM.jpeg 360w\" sizes=\"auto, (max-width: 480px) 150px\" src=\"https:\/\/agenciamdu.com\/wp-content\/uploads\/2025\/10\/WhatsApp-Image-2025-10-21-at-6.20.29-PM-768x1024.jpeg\" alt=\"\" class=\"uag-image-3846\" width=\"768\" height=\"1024\" title=\"WhatsApp Image 2025-10-21 at 6.20.29 PM\" loading=\"lazy\" role=\"img\"\/><\/figure><\/div>\n<\/div>\n<\/div><\/div>\n<\/div><\/div><\/div>\n<\/div>\n<\/div>\n<\/div>\n<\/div><\/div>\n\n\n\n<div class=\"wp-block-uagb-container uag-hide-tab uag-hide-mob uagb-block-7c98e157 alignfull uagb-is-root-container\"><div class=\"uagb-container-inner-blocks-wrap\">\n<div data-aos= \"fade-up\" data-aos-duration=\"400\" data-aos-delay=\"0\" data-aos-easing=\"ease\" data-aos-once=\"true\" class=\"wp-block-uagb-container uagb-block-e521684b\">\n<div class=\"wp-block-uagb-container uagb-block-568c5981\">\n<div class=\"wp-block-uagb-advanced-heading uagb-block-808f780b\"><h3 class=\"uagb-heading-text\">\u00a1Potencia tu marca hoy mismo!<\/h3><p class=\"uagb-desc-text\">Impulsa tu negocio con nuestra agencia de marketing de vanguardia. \u00a1Cont\u00e1ctanos ahora y descubre c\u00f3mo podemos ayudarte a alcanzar tus metas!<\/p><\/div>\n<\/div>\n\n\n\n<div class=\"wp-block-uagb-container uagb-block-9f4e6957\">\n<div class=\"wp-block-uagb-buttons uagb-buttons__outer-wrap uagb-btn__default-btn uagb-btn-tablet__default-btn uagb-btn-mobile__default-btn uagb-block-15f71e1e\"><div class=\"uagb-buttons__wrap uagb-buttons-layout-wrap \">\n<div class=\"wp-block-uagb-buttons-child uagb-buttons__outer-wrap uagb-block-d092c20b wp-block-button\"><div class=\"uagb-button__wrapper\"><a class=\"uagb-buttons-repeater wp-block-button__link\" aria-label=\"\" href=\"https:\/\/api.whatsapp.com\/send\/?phone=59899066202&amp;text&amp;type=phone_number&amp;app_absent=0\" rel=\"follow noopener\" target=\"_blank\" role=\"button\"><div class=\"uagb-button__link\">\u00a1CONT\u00c1CTANOS AHORA!<\/div><\/a><\/div><\/div>\n<\/div><\/div>\n<\/div>\n<\/div>\n<\/div><\/div>\n","protected":false},"excerpt":{"rendered":"<p>\u00a1Potencia tu marca hoy mismo! Impulsa tu negocio con nuestra agencia de marketing de vanguardia. \u00a1Cont\u00e1ctanos ahora y descubre c\u00f3mo podemos ayudarte a alcanzar tus metas!<\/p>\n","protected":false},"author":1,"featured_media":0,"parent":0,"menu_order":0,"comment_status":"closed","ping_status":"closed","template":"","meta":{"_uag_custom_page_level_css":"","site-sidebar-layout":"no-sidebar","site-content-layout":"page-builder","ast-site-content-layout":"full-width-container","site-content-style":"unboxed","site-sidebar-style":"unboxed","ast-global-header-display":"","ast-banner-title-visibility":"","ast-main-header-display":"","ast-hfb-above-header-display":"","ast-hfb-below-header-display":"","ast-hfb-mobile-header-display":"","site-post-title":"disabled","ast-breadcrumbs-content":"","ast-featured-img":"disabled","footer-sml-layout":"","ast-disable-related-posts":"","theme-transparent-header-meta":"enabled","adv-header-id-meta":"","stick-header-meta":"","header-above-stick-meta":"","header-main-stick-meta":"","header-below-stick-meta":"","astra-migrate-meta-layouts":"set","ast-page-background-enabled":"default","ast-page-background-meta":{"desktop":{"background-color":"var(--ast-global-color-4)","background-image":"","background-repeat":"repeat","background-position":"center center","background-size":"auto","background-attachment":"scroll","background-type":"","background-media":"","overlay-type":"","overlay-color":"","overlay-opacity":"","overlay-gradient":""},"tablet":{"background-color":"","background-image":"","background-repeat":"repeat","background-position":"center center","background-size":"auto","background-attachment":"scroll","background-type":"","background-media":"","overlay-type":"","overlay-color":"","overlay-opacity":"","overlay-gradient":""},"mobile":{"background-color":"","background-image":"","background-repeat":"repeat","background-position":"center center","background-size":"auto","background-attachment":"scroll","background-type":"","background-media":"","overlay-type":"","overlay-color":"","overlay-opacity":"","overlay-gradient":""}},"ast-content-background-meta":{"desktop":{"background-color":"var(--ast-global-color-5)","background-image":"","background-repeat":"repeat","background-position":"center center","background-size":"auto","background-attachment":"scroll","background-type":"","background-media":"","overlay-type":"","overlay-color":"","overlay-opacity":"","overlay-gradient":""},"tablet":{"background-color":"var(--ast-global-color-5)","background-image":"","background-repeat":"repeat","background-position":"center center","background-size":"auto","background-attachment":"scroll","background-type":"","background-media":"","overlay-type":"","overlay-color":"","overlay-opacity":"","overlay-gradient":""},"mobile":{"background-color":"var(--ast-global-color-5)","background-image":"","background-repeat":"repeat","background-position":"center center","background-size":"auto","background-attachment":"scroll","background-type":"","background-media":"","overlay-type":"","overlay-color":"","overlay-opacity":"","overlay-gradient":""}},"_joinchat":[],"footnotes":""},"class_list":["post-2762","page","type-page","status-publish","hentry"],"yoast_head":"<!-- This site is optimized with the Yoast SEO plugin v27.4 - https:\/\/yoast.com\/product\/yoast-seo-wordpress\/ -->\n<title>Curso de Marketing Digital - MDU<\/title>\n<meta name=\"description\" content=\"Agencia de marketing especializada en estrategias digitales, dise\u00f1o web y gesti\u00f3n de redes sociales para potenciar la presencia online de tu negocio.\" \/>\n<meta name=\"robots\" content=\"index, follow, max-snippet:-1, max-image-preview:large, max-video-preview:-1\" \/>\n<link rel=\"canonical\" href=\"https:\/\/agenciamdu.com\/index.php\/clases-y-asesorias-personalizadas\/\" \/>\n<meta property=\"og:locale\" content=\"es_ES\" \/>\n<meta property=\"og:type\" content=\"article\" \/>\n<meta property=\"og:title\" content=\"Curso de Marketing Digital - MDU\" \/>\n<meta property=\"og:description\" content=\"Agencia de marketing especializada en estrategias digitales, dise\u00f1o web y gesti\u00f3n de redes sociales para potenciar la presencia online de tu negocio.\" \/>\n<meta property=\"og:url\" content=\"https:\/\/agenciamdu.com\/index.php\/clases-y-asesorias-personalizadas\/\" \/>\n<meta property=\"og:site_name\" content=\"MDU\" \/>\n<meta property=\"article:publisher\" content=\"https:\/\/www.facebook.com\/mdu.digital.uy?mibextid=LQQJ4d\" \/>\n<meta property=\"article:modified_time\" content=\"2025-10-22T17:19:24+00:00\" \/>\n<meta property=\"og:image\" content=\"http:\/\/agenciamdu.com\/wp-content\/uploads\/2025\/10\/WhatsApp-Image-2025-10-21-at-6.20.29-PM-768x1024.jpeg\" \/>\n<meta name=\"twitter:card\" content=\"summary_large_image\" \/>\n<meta name=\"twitter:label1\" content=\"Tiempo de lectura\" \/>\n\t<meta name=\"twitter:data1\" content=\"1 minuto\" \/>\n<script type=\"application\/ld+json\" class=\"yoast-schema-graph\">{\"@context\":\"https:\\\/\\\/schema.org\",\"@graph\":[{\"@type\":\"WebPage\",\"@id\":\"https:\\\/\\\/agenciamdu.com\\\/index.php\\\/clases-y-asesorias-personalizadas\\\/\",\"url\":\"https:\\\/\\\/agenciamdu.com\\\/index.php\\\/clases-y-asesorias-personalizadas\\\/\",\"name\":\"Curso de Marketing Digital - MDU\",\"isPartOf\":{\"@id\":\"https:\\\/\\\/agenciamdu.com\\\/#website\"},\"primaryImageOfPage\":{\"@id\":\"https:\\\/\\\/agenciamdu.com\\\/index.php\\\/clases-y-asesorias-personalizadas\\\/#primaryimage\"},\"image\":{\"@id\":\"https:\\\/\\\/agenciamdu.com\\\/index.php\\\/clases-y-asesorias-personalizadas\\\/#primaryimage\"},\"thumbnailUrl\":\"http:\\\/\\\/agenciamdu.com\\\/wp-content\\\/uploads\\\/2025\\\/10\\\/WhatsApp-Image-2025-10-21-at-6.20.29-PM-768x1024.jpeg\",\"datePublished\":\"2023-05-23T23:40:01+00:00\",\"dateModified\":\"2025-10-22T17:19:24+00:00\",\"description\":\"Agencia de marketing especializada en estrategias digitales, dise\u00f1o web y gesti\u00f3n de redes sociales para potenciar la presencia online de tu negocio.\",\"breadcrumb\":{\"@id\":\"https:\\\/\\\/agenciamdu.com\\\/index.php\\\/clases-y-asesorias-personalizadas\\\/#breadcrumb\"},\"inLanguage\":\"es\",\"potentialAction\":[{\"@type\":\"ReadAction\",\"target\":[\"https:\\\/\\\/agenciamdu.com\\\/index.php\\\/clases-y-asesorias-personalizadas\\\/\"]}]},{\"@type\":\"ImageObject\",\"inLanguage\":\"es\",\"@id\":\"https:\\\/\\\/agenciamdu.com\\\/index.php\\\/clases-y-asesorias-personalizadas\\\/#primaryimage\",\"url\":\"http:\\\/\\\/agenciamdu.com\\\/wp-content\\\/uploads\\\/2025\\\/10\\\/WhatsApp-Image-2025-10-21-at-6.20.29-PM-768x1024.jpeg\",\"contentUrl\":\"http:\\\/\\\/agenciamdu.com\\\/wp-content\\\/uploads\\\/2025\\\/10\\\/WhatsApp-Image-2025-10-21-at-6.20.29-PM-768x1024.jpeg\"},{\"@type\":\"BreadcrumbList\",\"@id\":\"https:\\\/\\\/agenciamdu.com\\\/index.php\\\/clases-y-asesorias-personalizadas\\\/#breadcrumb\",\"itemListElement\":[{\"@type\":\"ListItem\",\"position\":1,\"name\":\"Portada\",\"item\":\"https:\\\/\\\/agenciamdu.com\\\/\"},{\"@type\":\"ListItem\",\"position\":2,\"name\":\"Curso de Marketing Digital\"}]},{\"@type\":\"WebSite\",\"@id\":\"https:\\\/\\\/agenciamdu.com\\\/#website\",\"url\":\"https:\\\/\\\/agenciamdu.com\\\/\",\"name\":\"Agencia MDU\",\"description\":\"\",\"publisher\":{\"@id\":\"https:\\\/\\\/agenciamdu.com\\\/#organization\"},\"potentialAction\":[{\"@type\":\"SearchAction\",\"target\":{\"@type\":\"EntryPoint\",\"urlTemplate\":\"https:\\\/\\\/agenciamdu.com\\\/?s={search_term_string}\"},\"query-input\":{\"@type\":\"PropertyValueSpecification\",\"valueRequired\":true,\"valueName\":\"search_term_string\"}}],\"inLanguage\":\"es\"},{\"@type\":\"Organization\",\"@id\":\"https:\\\/\\\/agenciamdu.com\\\/#organization\",\"name\":\"Agencia MDU\",\"url\":\"https:\\\/\\\/agenciamdu.com\\\/\",\"logo\":{\"@type\":\"ImageObject\",\"inLanguage\":\"es\",\"@id\":\"https:\\\/\\\/agenciamdu.com\\\/#\\\/schema\\\/logo\\\/image\\\/\",\"url\":\"https:\\\/\\\/agenciamdu.com\\\/wp-content\\\/uploads\\\/2025\\\/05\\\/cropped-1.jpg\",\"contentUrl\":\"https:\\\/\\\/agenciamdu.com\\\/wp-content\\\/uploads\\\/2025\\\/05\\\/cropped-1.jpg\",\"width\":400,\"height\":199,\"caption\":\"Agencia MDU\"},\"image\":{\"@id\":\"https:\\\/\\\/agenciamdu.com\\\/#\\\/schema\\\/logo\\\/image\\\/\"},\"sameAs\":[\"https:\\\/\\\/www.facebook.com\\\/mdu.digital.uy?mibextid=LQQJ4d\",\"https:\\\/\\\/www.instagram.com\\\/marketing_digital_uy\\\/\"]}]}<\/script>\n<!-- \/ Yoast SEO plugin. -->","yoast_head_json":{"title":"Curso de Marketing Digital - MDU","description":"Agencia de marketing especializada en estrategias digitales, dise\u00f1o web y gesti\u00f3n de redes sociales para potenciar la presencia online de tu negocio.","robots":{"index":"index","follow":"follow","max-snippet":"max-snippet:-1","max-image-preview":"max-image-preview:large","max-video-preview":"max-video-preview:-1"},"canonical":"https:\/\/agenciamdu.com\/index.php\/clases-y-asesorias-personalizadas\/","og_locale":"es_ES","og_type":"article","og_title":"Curso de Marketing Digital - MDU","og_description":"Agencia de marketing especializada en estrategias digitales, dise\u00f1o web y gesti\u00f3n de redes sociales para potenciar la presencia online de tu negocio.","og_url":"https:\/\/agenciamdu.com\/index.php\/clases-y-asesorias-personalizadas\/","og_site_name":"MDU","article_publisher":"https:\/\/www.facebook.com\/mdu.digital.uy?mibextid=LQQJ4d","article_modified_time":"2025-10-22T17:19:24+00:00","og_image":[{"url":"http:\/\/agenciamdu.com\/wp-content\/uploads\/2025\/10\/WhatsApp-Image-2025-10-21-at-6.20.29-PM-768x1024.jpeg","type":"","width":"","height":""}],"twitter_card":"summary_large_image","twitter_misc":{"Tiempo de lectura":"1 minuto"},"schema":{"@context":"https:\/\/schema.org","@graph":[{"@type":"WebPage","@id":"https:\/\/agenciamdu.com\/index.php\/clases-y-asesorias-personalizadas\/","url":"https:\/\/agenciamdu.com\/index.php\/clases-y-asesorias-personalizadas\/","name":"Curso de Marketing Digital - MDU","isPartOf":{"@id":"https:\/\/agenciamdu.com\/#website"},"primaryImageOfPage":{"@id":"https:\/\/agenciamdu.com\/index.php\/clases-y-asesorias-personalizadas\/#primaryimage"},"image":{"@id":"https:\/\/agenciamdu.com\/index.php\/clases-y-asesorias-personalizadas\/#primaryimage"},"thumbnailUrl":"http:\/\/agenciamdu.com\/wp-content\/uploads\/2025\/10\/WhatsApp-Image-2025-10-21-at-6.20.29-PM-768x1024.jpeg","datePublished":"2023-05-23T23:40:01+00:00","dateModified":"2025-10-22T17:19:24+00:00","description":"Agencia de marketing especializada en estrategias digitales, dise\u00f1o web y gesti\u00f3n de redes sociales para potenciar la presencia online de tu negocio.","breadcrumb":{"@id":"https:\/\/agenciamdu.com\/index.php\/clases-y-asesorias-personalizadas\/#breadcrumb"},"inLanguage":"es","potentialAction":[{"@type":"ReadAction","target":["https:\/\/agenciamdu.com\/index.php\/clases-y-asesorias-personalizadas\/"]}]},{"@type":"ImageObject","inLanguage":"es","@id":"https:\/\/agenciamdu.com\/index.php\/clases-y-asesorias-personalizadas\/#primaryimage","url":"http:\/\/agenciamdu.com\/wp-content\/uploads\/2025\/10\/WhatsApp-Image-2025-10-21-at-6.20.29-PM-768x1024.jpeg","contentUrl":"http:\/\/agenciamdu.com\/wp-content\/uploads\/2025\/10\/WhatsApp-Image-2025-10-21-at-6.20.29-PM-768x1024.jpeg"},{"@type":"BreadcrumbList","@id":"https:\/\/agenciamdu.com\/index.php\/clases-y-asesorias-personalizadas\/#breadcrumb","itemListElement":[{"@type":"ListItem","position":1,"name":"Portada","item":"https:\/\/agenciamdu.com\/"},{"@type":"ListItem","position":2,"name":"Curso de Marketing Digital"}]},{"@type":"WebSite","@id":"https:\/\/agenciamdu.com\/#website","url":"https:\/\/agenciamdu.com\/","name":"Agencia MDU","description":"","publisher":{"@id":"https:\/\/agenciamdu.com\/#organization"},"potentialAction":[{"@type":"SearchAction","target":{"@type":"EntryPoint","urlTemplate":"https:\/\/agenciamdu.com\/?s={search_term_string}"},"query-input":{"@type":"PropertyValueSpecification","valueRequired":true,"valueName":"search_term_string"}}],"inLanguage":"es"},{"@type":"Organization","@id":"https:\/\/agenciamdu.com\/#organization","name":"Agencia MDU","url":"https:\/\/agenciamdu.com\/","logo":{"@type":"ImageObject","inLanguage":"es","@id":"https:\/\/agenciamdu.com\/#\/schema\/logo\/image\/","url":"https:\/\/agenciamdu.com\/wp-content\/uploads\/2025\/05\/cropped-1.jpg","contentUrl":"https:\/\/agenciamdu.com\/wp-content\/uploads\/2025\/05\/cropped-1.jpg","width":400,"height":199,"caption":"Agencia MDU"},"image":{"@id":"https:\/\/agenciamdu.com\/#\/schema\/logo\/image\/"},"sameAs":["https:\/\/www.facebook.com\/mdu.digital.uy?mibextid=LQQJ4d","https:\/\/www.instagram.com\/marketing_digital_uy\/"]}]}},"uagb_featured_image_src":{"full":false,"thumbnail":false,"medium":false,"medium_large":false,"large":false,"1536x1536":false,"2048x2048":false,"woocommerce_thumbnail":false,"woocommerce_single":false,"woocommerce_gallery_thumbnail":false},"uagb_author_info":{"display_name":"santiagotomasperron2001","author_link":"https:\/\/agenciamdu.com\/index.php\/author\/santiagotomasperron2001\/"},"uagb_comment_info":0,"uagb_excerpt":"\u00a1Potencia tu marca hoy mismo! Impulsa tu negocio con nuestra agencia de marketing de vanguardia. \u00a1Cont\u00e1ctanos ahora y descubre c\u00f3mo podemos ayudarte a alcanzar tus metas!","_links":{"self":[{"href":"https:\/\/agenciamdu.com\/index.php\/wp-json\/wp\/v2\/pages\/2762","targetHints":{"allow":["GET"]}}],"collection":[{"href":"https:\/\/agenciamdu.com\/index.php\/wp-json\/wp\/v2\/pages"}],"about":[{"href":"https:\/\/agenciamdu.com\/index.php\/wp-json\/wp\/v2\/types\/page"}],"author":[{"embeddable":true,"href":"https:\/\/agenciamdu.com\/index.php\/wp-json\/wp\/v2\/users\/1"}],"replies":[{"embeddable":true,"href":"https:\/\/agenciamdu.com\/index.php\/wp-json\/wp\/v2\/comments?post=2762"}],"version-history":[{"count":15,"href":"https:\/\/agenciamdu.com\/index.php\/wp-json\/wp\/v2\/pages\/2762\/revisions"}],"predecessor-version":[{"id":3848,"href":"https:\/\/agenciamdu.com\/index.php\/wp-json\/wp\/v2\/pages\/2762\/revisions\/3848"}],"wp:attachment":[{"href":"https:\/\/agenciamdu.com\/index.php\/wp-json\/wp\/v2\/media?parent=2762"}],"curies":[{"name":"wp","href":"https:\/\/api.w.org\/{rel}","templated":true}]}}