{"id":2753,"date":"2023-05-23T23:38:05","date_gmt":"2023-05-23T23:38:05","guid":{"rendered":"https:\/\/agenciamdu.com\/?page_id=2753"},"modified":"2025-09-02T17:31:28","modified_gmt":"2025-09-02T17:31:28","slug":"disenos-impactantes","status":"publish","type":"page","link":"https:\/\/agenciamdu.com\/index.php\/disenos-impactantes\/","title":{"rendered":"Dise\u00f1os impactantes"},"content":{"rendered":"\n<div class=\"wp-block-uagb-container uagb-block-df24989c alignfull uagb-is-root-container\"><div class=\"uagb-container-inner-blocks-wrap\">\n<div data-aos= \"flip-up\" data-aos-duration=\"400\" data-aos-delay=\"0\" data-aos-easing=\"ease\" data-aos-once=\"true\" class=\"wp-block-uagb-info-box uagb-block-cdbba3bc uagb-infobox__content-wrap  uagb-infobox-icon-above-title uagb-infobox-image-valign-top\"><div class=\"uagb-ifb-content\"><div class=\"uagb-ifb-title-wrap\"><span class=\"uagb-ifb-title-prefix\"><strong>Dise\u00f1os impactantes<\/strong><\/span><\/div><\/div><\/div>\n<\/div><\/div>\n\n\n\n<div class=\"wp-block-uagb-container uagb-block-86b28b24 alignfull uagb-is-root-container\"><div class=\"uagb-container-inner-blocks-wrap\">\n<div class=\"wp-block-uagb-container uagb-block-f29c2347\">\n<div data-aos= \"zoom-out-up\" data-aos-duration=\"400\" data-aos-delay=\"0\" data-aos-easing=\"ease\" data-aos-once=\"true\" class=\"wp-block-uagb-container uagb-block-b3fe6657\">\n<div class=\"wp-block-uagb-info-box uagb-block-87212402 uagb-infobox__content-wrap  uagb-infobox-icon-above-title uagb-infobox-image-valign-top\"><div class=\"uagb-ifb-content\"><div class=\"uagb-ifb-title-wrap\"><div class=\"uagb-ifb-separator\"><\/div><h3 class=\"uagb-ifb-title\">El poder del dise\u00f1o en tu estrategia de ventas<\/h3><\/div><p class=\"uagb-ifb-desc\">Los dise\u00f1os creativos son una parte fundamental de una buena estrategia de ventas, \u00a1el dise\u00f1o vende mucho! El impacto visual hace que el lector se detenga a ver tus cuentas, si tienes un feed atractivo no solo podr\u00e1s obtener nuevos seguidores, sino que har\u00e1s que los que te siguen no dejen de seguirte.&nbsp;<br>Un buen dise\u00f1o acompa\u00f1ado de contenido de valor tendr\u00e1 gran impacto a la hora de vender, una cuenta bien dise\u00f1ada va a transmitir a los usuarios respeto, profesionalismo y calidad de la venta o el producto que ofrezcas.<br><br><\/p><div class=\"uagb-ifb-button-wrapper wp-block-button\"><a href=\"https:\/\/api.whatsapp.com\/send\/?phone=59899066202&amp;text&amp;type=phone_number&amp;app_absent=0\" class=\"uagb-infobox-cta-link wp-block-button__link\" target=\"_blank\" rel=\"noopener noreferrer\" onclick=\"return true;\"><span class=\"uagb-inline-editing\">\u00a1Haz que tu dise\u00f1o venda por ti!<\/span><\/a><\/div><\/div><\/div>\n\n\n\n<div class=\"wp-block-uagb-container uag-hide-tab uag-hide-mob uagb-block-2adbeb47\">\n<div class=\"wp-block-uagb-slider uagb-block-f68d58b4 uagb-slider-container\"><div class=\"uagb-slides uagb-swiper\"><div class=\"swiper-wrapper\">\n<div class=\"wp-block-uagb-slider-child uagb-slider-child-wrap swiper-slide uagb-block-f5871b28\"><div class=\"swiper-content\">\n<div class=\"wp-block-uagb-container uagb-block-92e5c707\">\n<div class=\"wp-block-uagb-image aligncenter uagb-block-0909876b wp-block-uagb-image--layout-default wp-block-uagb-image--effect-static wp-block-uagb-image--align-center\"><figure class=\"wp-block-uagb-image__figure\"><img decoding=\"async\" srcset=\"https:\/\/agenciamdu.com\/wp-content\/uploads\/2023\/05\/20-1-576x1024.webp ,https:\/\/agenciamdu.com\/wp-content\/uploads\/2023\/05\/20-1.webp 780w, https:\/\/agenciamdu.com\/wp-content\/uploads\/2023\/05\/20-1.webp 360w\" sizes=\"auto, (max-width: 480px) 150px\" src=\"https:\/\/agenciamdu.com\/wp-content\/uploads\/2023\/05\/20-1-576x1024.webp\" alt=\"dise\u00f1o mdu\" class=\"uag-image-2647\" width=\"576\" height=\"1024\" title=\"20 (1)\" loading=\"lazy\" role=\"img\"\/><\/figure><\/div>\n<\/div>\n<\/div><\/div>\n<\/div><\/div><\/div>\n<\/div>\n<\/div>\n<\/div>\n<\/div><\/div>\n\n\n\n<div class=\"wp-block-uagb-container uag-hide-tab uag-hide-mob uagb-block-7f3b4e35 alignfull uagb-is-root-container\"><div class=\"uagb-container-inner-blocks-wrap\">\n<div data-aos= \"fade-up\" data-aos-duration=\"400\" data-aos-delay=\"0\" data-aos-easing=\"ease\" data-aos-once=\"true\" class=\"wp-block-uagb-container uagb-block-0686cd20\">\n<div class=\"wp-block-uagb-container uagb-block-0f7a7bcc\">\n<div class=\"wp-block-uagb-advanced-heading uagb-block-3d88a2bc\"><h3 class=\"uagb-heading-text\">\u00a1Potencia tu marca hoy mismo!<\/h3><p class=\"uagb-desc-text\">Impulsa tu negocio con nuestra agencia de marketing de vanguardia. \u00a1Cont\u00e1ctanos ahora y descubre c\u00f3mo podemos ayudarte a alcanzar tus metas!<\/p><\/div>\n<\/div>\n\n\n\n<div class=\"wp-block-uagb-container uagb-block-9c1bedb0\">\n<div class=\"wp-block-uagb-buttons uagb-buttons__outer-wrap uagb-btn__default-btn uagb-btn-tablet__default-btn uagb-btn-mobile__default-btn uagb-block-08c4d08a\"><div class=\"uagb-buttons__wrap uagb-buttons-layout-wrap \">\n<div class=\"wp-block-uagb-buttons-child uagb-buttons__outer-wrap uagb-block-ce672f85 wp-block-button\"><div class=\"uagb-button__wrapper\"><a class=\"uagb-buttons-repeater wp-block-button__link\" aria-label=\"\" href=\"https:\/\/api.whatsapp.com\/send\/?phone=59899066202&amp;text&amp;type=phone_number&amp;app_absent=0\" rel=\"follow noopener\" target=\"_blank\" role=\"button\"><div class=\"uagb-button__link\">\u00a1CONT\u00c1CTANOS AHORA!<\/div><\/a><\/div><\/div>\n<\/div><\/div>\n<\/div>\n<\/div>\n<\/div><\/div>\n","protected":false},"excerpt":{"rendered":"<p>\u00a1Potencia tu marca hoy mismo! Impulsa tu negocio con nuestra agencia de marketing de vanguardia. \u00a1Cont\u00e1ctanos ahora y descubre c\u00f3mo podemos ayudarte a alcanzar tus metas!<\/p>\n","protected":false},"author":1,"featured_media":0,"parent":0,"menu_order":0,"comment_status":"closed","ping_status":"closed","template":"","meta":{"_uag_custom_page_level_css":"","site-sidebar-layout":"no-sidebar","site-content-layout":"page-builder","ast-site-content-layout":"full-width-container","site-content-style":"unboxed","site-sidebar-style":"unboxed","ast-global-header-display":"","ast-banner-title-visibility":"","ast-main-header-display":"","ast-hfb-above-header-display":"","ast-hfb-below-header-display":"","ast-hfb-mobile-header-display":"","site-post-title":"disabled","ast-breadcrumbs-content":"","ast-featured-img":"disabled","footer-sml-layout":"","ast-disable-related-posts":"","theme-transparent-header-meta":"enabled","adv-header-id-meta":"","stick-header-meta":"","header-above-stick-meta":"","header-main-stick-meta":"","header-below-stick-meta":"","astra-migrate-meta-layouts":"set","ast-page-background-enabled":"default","ast-page-background-meta":{"desktop":{"background-color":"var(--ast-global-color-4)","background-image":"","background-repeat":"repeat","background-position":"center center","background-size":"auto","background-attachment":"scroll","background-type":"","background-media":"","overlay-type":"","overlay-color":"","overlay-opacity":"","overlay-gradient":""},"tablet":{"background-color":"","background-image":"","background-repeat":"repeat","background-position":"center center","background-size":"auto","background-attachment":"scroll","background-type":"","background-media":"","overlay-type":"","overlay-color":"","overlay-opacity":"","overlay-gradient":""},"mobile":{"background-color":"","background-image":"","background-repeat":"repeat","background-position":"center center","background-size":"auto","background-attachment":"scroll","background-type":"","background-media":"","overlay-type":"","overlay-color":"","overlay-opacity":"","overlay-gradient":""}},"ast-content-background-meta":{"desktop":{"background-color":"var(--ast-global-color-5)","background-image":"","background-repeat":"repeat","background-position":"center center","background-size":"auto","background-attachment":"scroll","background-type":"","background-media":"","overlay-type":"","overlay-color":"","overlay-opacity":"","overlay-gradient":""},"tablet":{"background-color":"var(--ast-global-color-5)","background-image":"","background-repeat":"repeat","background-position":"center center","background-size":"auto","background-attachment":"scroll","background-type":"","background-media":"","overlay-type":"","overlay-color":"","overlay-opacity":"","overlay-gradient":""},"mobile":{"background-color":"var(--ast-global-color-5)","background-image":"","background-repeat":"repeat","background-position":"center center","background-size":"auto","background-attachment":"scroll","background-type":"","background-media":"","overlay-type":"","overlay-color":"","overlay-opacity":"","overlay-gradient":""}},"_joinchat":[],"footnotes":""},"class_list":["post-2753","page","type-page","status-publish","hentry"],"yoast_head":"<!-- This site is optimized with the Yoast SEO plugin v27.4 - https:\/\/yoast.com\/product\/yoast-seo-wordpress\/ -->\n<title>Dise\u00f1os impactantes - MDU<\/title>\n<meta name=\"description\" content=\"Agencia de marketing especializada en estrategias digitales, dise\u00f1o web y gesti\u00f3n de redes sociales para potenciar la presencia online de tu negocio.\" \/>\n<meta name=\"robots\" content=\"index, follow, max-snippet:-1, max-image-preview:large, max-video-preview:-1\" \/>\n<link rel=\"canonical\" href=\"https:\/\/agenciamdu.com\/index.php\/disenos-impactantes\/\" \/>\n<meta property=\"og:locale\" content=\"es_ES\" \/>\n<meta property=\"og:type\" content=\"article\" \/>\n<meta property=\"og:title\" content=\"Dise\u00f1os impactantes - MDU\" \/>\n<meta property=\"og:description\" content=\"Agencia de marketing especializada en estrategias digitales, dise\u00f1o web y gesti\u00f3n de redes sociales para potenciar la presencia online de tu negocio.\" \/>\n<meta property=\"og:url\" content=\"https:\/\/agenciamdu.com\/index.php\/disenos-impactantes\/\" \/>\n<meta property=\"og:site_name\" content=\"MDU\" \/>\n<meta property=\"article:publisher\" content=\"https:\/\/www.facebook.com\/mdu.digital.uy?mibextid=LQQJ4d\" \/>\n<meta property=\"article:modified_time\" content=\"2025-09-02T17:31:28+00:00\" \/>\n<meta property=\"og:image\" content=\"https:\/\/agenciamdu.com\/wp-content\/uploads\/2023\/05\/20-1-576x1024.webp\" \/>\n<meta name=\"twitter:card\" content=\"summary_large_image\" \/>\n<meta name=\"twitter:label1\" content=\"Tiempo de lectura\" \/>\n\t<meta name=\"twitter:data1\" content=\"1 minuto\" \/>\n<script type=\"application\/ld+json\" class=\"yoast-schema-graph\">{\"@context\":\"https:\\\/\\\/schema.org\",\"@graph\":[{\"@type\":\"WebPage\",\"@id\":\"https:\\\/\\\/agenciamdu.com\\\/index.php\\\/disenos-impactantes\\\/\",\"url\":\"https:\\\/\\\/agenciamdu.com\\\/index.php\\\/disenos-impactantes\\\/\",\"name\":\"Dise\u00f1os impactantes - MDU\",\"isPartOf\":{\"@id\":\"https:\\\/\\\/agenciamdu.com\\\/#website\"},\"primaryImageOfPage\":{\"@id\":\"https:\\\/\\\/agenciamdu.com\\\/index.php\\\/disenos-impactantes\\\/#primaryimage\"},\"image\":{\"@id\":\"https:\\\/\\\/agenciamdu.com\\\/index.php\\\/disenos-impactantes\\\/#primaryimage\"},\"thumbnailUrl\":\"https:\\\/\\\/agenciamdu.com\\\/wp-content\\\/uploads\\\/2023\\\/05\\\/20-1-576x1024.webp\",\"datePublished\":\"2023-05-23T23:38:05+00:00\",\"dateModified\":\"2025-09-02T17:31:28+00:00\",\"description\":\"Agencia de marketing especializada en estrategias digitales, dise\u00f1o web y gesti\u00f3n de redes sociales para potenciar la presencia online de tu negocio.\",\"breadcrumb\":{\"@id\":\"https:\\\/\\\/agenciamdu.com\\\/index.php\\\/disenos-impactantes\\\/#breadcrumb\"},\"inLanguage\":\"es\",\"potentialAction\":[{\"@type\":\"ReadAction\",\"target\":[\"https:\\\/\\\/agenciamdu.com\\\/index.php\\\/disenos-impactantes\\\/\"]}]},{\"@type\":\"ImageObject\",\"inLanguage\":\"es\",\"@id\":\"https:\\\/\\\/agenciamdu.com\\\/index.php\\\/disenos-impactantes\\\/#primaryimage\",\"url\":\"https:\\\/\\\/agenciamdu.com\\\/wp-content\\\/uploads\\\/2023\\\/05\\\/20-1-576x1024.webp\",\"contentUrl\":\"https:\\\/\\\/agenciamdu.com\\\/wp-content\\\/uploads\\\/2023\\\/05\\\/20-1-576x1024.webp\"},{\"@type\":\"BreadcrumbList\",\"@id\":\"https:\\\/\\\/agenciamdu.com\\\/index.php\\\/disenos-impactantes\\\/#breadcrumb\",\"itemListElement\":[{\"@type\":\"ListItem\",\"position\":1,\"name\":\"Portada\",\"item\":\"https:\\\/\\\/agenciamdu.com\\\/\"},{\"@type\":\"ListItem\",\"position\":2,\"name\":\"Dise\u00f1os impactantes\"}]},{\"@type\":\"WebSite\",\"@id\":\"https:\\\/\\\/agenciamdu.com\\\/#website\",\"url\":\"https:\\\/\\\/agenciamdu.com\\\/\",\"name\":\"Agencia MDU\",\"description\":\"\",\"publisher\":{\"@id\":\"https:\\\/\\\/agenciamdu.com\\\/#organization\"},\"potentialAction\":[{\"@type\":\"SearchAction\",\"target\":{\"@type\":\"EntryPoint\",\"urlTemplate\":\"https:\\\/\\\/agenciamdu.com\\\/?s={search_term_string}\"},\"query-input\":{\"@type\":\"PropertyValueSpecification\",\"valueRequired\":true,\"valueName\":\"search_term_string\"}}],\"inLanguage\":\"es\"},{\"@type\":\"Organization\",\"@id\":\"https:\\\/\\\/agenciamdu.com\\\/#organization\",\"name\":\"Agencia MDU\",\"url\":\"https:\\\/\\\/agenciamdu.com\\\/\",\"logo\":{\"@type\":\"ImageObject\",\"inLanguage\":\"es\",\"@id\":\"https:\\\/\\\/agenciamdu.com\\\/#\\\/schema\\\/logo\\\/image\\\/\",\"url\":\"https:\\\/\\\/agenciamdu.com\\\/wp-content\\\/uploads\\\/2025\\\/05\\\/cropped-1.jpg\",\"contentUrl\":\"https:\\\/\\\/agenciamdu.com\\\/wp-content\\\/uploads\\\/2025\\\/05\\\/cropped-1.jpg\",\"width\":400,\"height\":199,\"caption\":\"Agencia MDU\"},\"image\":{\"@id\":\"https:\\\/\\\/agenciamdu.com\\\/#\\\/schema\\\/logo\\\/image\\\/\"},\"sameAs\":[\"https:\\\/\\\/www.facebook.com\\\/mdu.digital.uy?mibextid=LQQJ4d\",\"https:\\\/\\\/www.instagram.com\\\/marketing_digital_uy\\\/\"]}]}<\/script>\n<!-- \/ Yoast SEO plugin. -->","yoast_head_json":{"title":"Dise\u00f1os impactantes - MDU","description":"Agencia de marketing especializada en estrategias digitales, dise\u00f1o web y gesti\u00f3n de redes sociales para potenciar la presencia online de tu negocio.","robots":{"index":"index","follow":"follow","max-snippet":"max-snippet:-1","max-image-preview":"max-image-preview:large","max-video-preview":"max-video-preview:-1"},"canonical":"https:\/\/agenciamdu.com\/index.php\/disenos-impactantes\/","og_locale":"es_ES","og_type":"article","og_title":"Dise\u00f1os impactantes - MDU","og_description":"Agencia de marketing especializada en estrategias digitales, dise\u00f1o web y gesti\u00f3n de redes sociales para potenciar la presencia online de tu negocio.","og_url":"https:\/\/agenciamdu.com\/index.php\/disenos-impactantes\/","og_site_name":"MDU","article_publisher":"https:\/\/www.facebook.com\/mdu.digital.uy?mibextid=LQQJ4d","article_modified_time":"2025-09-02T17:31:28+00:00","og_image":[{"url":"https:\/\/agenciamdu.com\/wp-content\/uploads\/2023\/05\/20-1-576x1024.webp","type":"","width":"","height":""}],"twitter_card":"summary_large_image","twitter_misc":{"Tiempo de lectura":"1 minuto"},"schema":{"@context":"https:\/\/schema.org","@graph":[{"@type":"WebPage","@id":"https:\/\/agenciamdu.com\/index.php\/disenos-impactantes\/","url":"https:\/\/agenciamdu.com\/index.php\/disenos-impactantes\/","name":"Dise\u00f1os impactantes - MDU","isPartOf":{"@id":"https:\/\/agenciamdu.com\/#website"},"primaryImageOfPage":{"@id":"https:\/\/agenciamdu.com\/index.php\/disenos-impactantes\/#primaryimage"},"image":{"@id":"https:\/\/agenciamdu.com\/index.php\/disenos-impactantes\/#primaryimage"},"thumbnailUrl":"https:\/\/agenciamdu.com\/wp-content\/uploads\/2023\/05\/20-1-576x1024.webp","datePublished":"2023-05-23T23:38:05+00:00","dateModified":"2025-09-02T17:31:28+00:00","description":"Agencia de marketing especializada en estrategias digitales, dise\u00f1o web y gesti\u00f3n de redes sociales para potenciar la presencia online de tu negocio.","breadcrumb":{"@id":"https:\/\/agenciamdu.com\/index.php\/disenos-impactantes\/#breadcrumb"},"inLanguage":"es","potentialAction":[{"@type":"ReadAction","target":["https:\/\/agenciamdu.com\/index.php\/disenos-impactantes\/"]}]},{"@type":"ImageObject","inLanguage":"es","@id":"https:\/\/agenciamdu.com\/index.php\/disenos-impactantes\/#primaryimage","url":"https:\/\/agenciamdu.com\/wp-content\/uploads\/2023\/05\/20-1-576x1024.webp","contentUrl":"https:\/\/agenciamdu.com\/wp-content\/uploads\/2023\/05\/20-1-576x1024.webp"},{"@type":"BreadcrumbList","@id":"https:\/\/agenciamdu.com\/index.php\/disenos-impactantes\/#breadcrumb","itemListElement":[{"@type":"ListItem","position":1,"name":"Portada","item":"https:\/\/agenciamdu.com\/"},{"@type":"ListItem","position":2,"name":"Dise\u00f1os impactantes"}]},{"@type":"WebSite","@id":"https:\/\/agenciamdu.com\/#website","url":"https:\/\/agenciamdu.com\/","name":"Agencia MDU","description":"","publisher":{"@id":"https:\/\/agenciamdu.com\/#organization"},"potentialAction":[{"@type":"SearchAction","target":{"@type":"EntryPoint","urlTemplate":"https:\/\/agenciamdu.com\/?s={search_term_string}"},"query-input":{"@type":"PropertyValueSpecification","valueRequired":true,"valueName":"search_term_string"}}],"inLanguage":"es"},{"@type":"Organization","@id":"https:\/\/agenciamdu.com\/#organization","name":"Agencia MDU","url":"https:\/\/agenciamdu.com\/","logo":{"@type":"ImageObject","inLanguage":"es","@id":"https:\/\/agenciamdu.com\/#\/schema\/logo\/image\/","url":"https:\/\/agenciamdu.com\/wp-content\/uploads\/2025\/05\/cropped-1.jpg","contentUrl":"https:\/\/agenciamdu.com\/wp-content\/uploads\/2025\/05\/cropped-1.jpg","width":400,"height":199,"caption":"Agencia MDU"},"image":{"@id":"https:\/\/agenciamdu.com\/#\/schema\/logo\/image\/"},"sameAs":["https:\/\/www.facebook.com\/mdu.digital.uy?mibextid=LQQJ4d","https:\/\/www.instagram.com\/marketing_digital_uy\/"]}]}},"uagb_featured_image_src":{"full":false,"thumbnail":false,"medium":false,"medium_large":false,"large":false,"1536x1536":false,"2048x2048":false,"woocommerce_thumbnail":false,"woocommerce_single":false,"woocommerce_gallery_thumbnail":false},"uagb_author_info":{"display_name":"santiagotomasperron2001","author_link":"https:\/\/agenciamdu.com\/index.php\/author\/santiagotomasperron2001\/"},"uagb_comment_info":0,"uagb_excerpt":"\u00a1Potencia tu marca hoy mismo! Impulsa tu negocio con nuestra agencia de marketing de vanguardia. \u00a1Cont\u00e1ctanos ahora y descubre c\u00f3mo podemos ayudarte a alcanzar tus metas!","_links":{"self":[{"href":"https:\/\/agenciamdu.com\/index.php\/wp-json\/wp\/v2\/pages\/2753","targetHints":{"allow":["GET"]}}],"collection":[{"href":"https:\/\/agenciamdu.com\/index.php\/wp-json\/wp\/v2\/pages"}],"about":[{"href":"https:\/\/agenciamdu.com\/index.php\/wp-json\/wp\/v2\/types\/page"}],"author":[{"embeddable":true,"href":"https:\/\/agenciamdu.com\/index.php\/wp-json\/wp\/v2\/users\/1"}],"replies":[{"embeddable":true,"href":"https:\/\/agenciamdu.com\/index.php\/wp-json\/wp\/v2\/comments?post=2753"}],"version-history":[{"count":18,"href":"https:\/\/agenciamdu.com\/index.php\/wp-json\/wp\/v2\/pages\/2753\/revisions"}],"predecessor-version":[{"id":3615,"href":"https:\/\/agenciamdu.com\/index.php\/wp-json\/wp\/v2\/pages\/2753\/revisions\/3615"}],"wp:attachment":[{"href":"https:\/\/agenciamdu.com\/index.php\/wp-json\/wp\/v2\/media?parent=2753"}],"curies":[{"name":"wp","href":"https:\/\/api.w.org\/{rel}","templated":true}]}}